{"id":305,"date":"2026-02-02T12:15:04","date_gmt":"2026-02-02T09:15:04","guid":{"rendered":"https:\/\/2026kongre.psikoterapi.com\/?page_id=305"},"modified":"2026-02-06T12:44:40","modified_gmt":"2026-02-06T09:44:40","slug":"kongre-bilim-kurulu","status":"publish","type":"page","link":"https:\/\/2026kongre.psikoterapi.com\/index.php\/kongre-bilim-kurulu\/","title":{"rendered":"Kongre Bilim Kurulu"},"content":{"rendered":"\n<div class=\"wp-block-buttons is-content-justification-center is-layout-flex wp-container-core-buttons-is-layout-a89b3969 wp-block-buttons-is-layout-flex\">\n<div class=\"wp-block-button\"><a class=\"wp-block-button__link has-kubio-color-5-variant-2-color has-kubio-color-6-background-color has-text-color has-background has-link-color wp-element-button\" href=\"https:\/\/2026kongre.psikoterapi.com\/index.php\/uzm-psk-dan-kadir-gundogdu-2\/\"><strong>Kadir G\u00fcndo\u011fdu (E\u015f Ba\u015fkan)<\/strong><\/a><\/div>\n<\/div>\n\n\n\n<div class=\"wp-block-buttons is-content-justification-center is-layout-flex wp-container-core-buttons-is-layout-a89b3969 wp-block-buttons-is-layout-flex\">\n<div class=\"wp-block-button\"><a class=\"wp-block-button__link has-kubio-color-6-background-color has-background wp-element-button\" href=\"https:\/\/2026kongre.psikoterapi.com\/index.php\/psk-nihal-hacioglu-2\/\"><strong>Nihal Hac\u0131o\u011flu (E\u015f Ba\u015fkan)<\/strong><\/a><\/div>\n<\/div>\n\n\n\n<div class=\"wp-block-group alignwide\"><div class=\"wp-block-group__inner-container is-layout-constrained wp-block-group-is-layout-constrained\">\n<div class=\"wp-block-buttons alignwide is-content-justification-center is-layout-flex wp-container-core-buttons-is-layout-a89b3969 wp-block-buttons-is-layout-flex\">\n<div class=\"wp-block-button\"><a class=\"wp-block-button__link has-kubio-color-5-color has-kubio-color-6-background-color has-text-color has-background has-link-color has-text-align-center wp-element-button\" href=\"https:\/\/2026kongre.psikoterapi.com\/index.php\/dr-furkan-zeybel\/\"><strong>Furkan Zeybel (Bilim Kurulu Ba\u015fkan\u0131)<\/strong><\/a><\/div>\n<\/div>\n<\/div><\/div>\n\n\n\n<div class=\"wp-block-buttons is-content-justification-center is-layout-flex wp-container-core-buttons-is-layout-a89b3969 wp-block-buttons-is-layout-flex\">\n<div class=\"wp-block-button\"><a class=\"wp-block-button__link has-kubio-color-6-background-color has-background wp-element-button\" href=\"https:\/\/2026kongre.psikoterapi.com\/index.php\/psk-cansu-karaman\/\"><strong>Cansu Karaman Aslan (Bilim Kurulu \u00dcyesi)<\/strong><\/a><\/div>\n<\/div>\n\n\n\n<div class=\"wp-block-buttons is-content-justification-center is-layout-flex wp-container-core-buttons-is-layout-a89b3969 wp-block-buttons-is-layout-flex\">\n<div class=\"wp-block-button\"><a class=\"wp-block-button__link has-kubio-color-6-background-color has-background wp-element-button\" href=\"https:\/\/2026kongre.psikoterapi.com\/index.php\/dr-ozge-faydaliel-balci\/\"><strong>\u00d6zge Faydal\u0131el Balc\u0131 (Bilim Kurulu \u00dcyesi)<\/strong><\/a><\/div>\n<\/div>\n\n\n\n<div class=\"wp-block-buttons is-content-justification-center is-layout-flex wp-container-core-buttons-is-layout-a89b3969 wp-block-buttons-is-layout-flex\">\n<div class=\"wp-block-button\"><a class=\"wp-block-button__link has-kubio-color-6-background-color has-background wp-element-button\" href=\"https:\/\/2026kongre.psikoterapi.com\/index.php\/kl-psk-sena-akgun\/\"><strong>Sena Akg\u00fcn (Bilim Kurulu \u00dcyesi)<\/strong><\/a><\/div>\n<\/div>\n\n\n\n<div class=\"wp-block-buttons is-content-justification-center is-layout-flex wp-container-core-buttons-is-layout-a89b3969 wp-block-buttons-is-layout-flex\">\n<div class=\"wp-block-button\"><a class=\"wp-block-button__link has-kubio-color-6-background-color has-background wp-element-button\" href=\"https:\/\/2026kongre.psikoterapi.com\/index.php\/psk-ali-faruk-kizilhan\/\"><strong>Ali Faruk K\u0131z\u0131lhan (Bilim Kurulu \u00dcyesi)<\/strong><\/a><\/div>\n<\/div>\n\n\n\n<div class=\"wp-block-buttons is-content-justification-center is-layout-flex wp-container-core-buttons-is-layout-a89b3969 wp-block-buttons-is-layout-flex\">\n<div class=\"wp-block-button\"><a class=\"wp-block-button__link has-kubio-color-6-background-color has-background wp-element-button\" href=\"https:\/\/2026kongre.psikoterapi.com\/index.php\/kl-psk-rohat-bahtiyar\/\"><strong>Rohat Bahtiyar<\/strong> <strong>(Bilim Kurulu \u00dcyesi)<\/strong><\/a><\/div>\n<\/div>\n\n\n\n<div class=\"wp-block-buttons is-content-justification-center is-layout-flex wp-container-core-buttons-is-layout-a89b3969 wp-block-buttons-is-layout-flex\">\n<div class=\"wp-block-button\"><a class=\"wp-block-button__link has-kubio-color-6-background-color has-background wp-element-button\" href=\"https:\/\/2026kongre.psikoterapi.com\/index.php\/psk-blm-uz-tutku-ural\/\"><strong>Tutku Ural (Bilim Kurulu \u00dcyesi)<\/strong><\/a><\/div>\n<\/div>\n\n\n\n<p><\/p>\n","protected":false},"excerpt":{"rendered":"","protected":false},"author":1,"featured_media":0,"parent":0,"menu_order":0,"comment_status":"closed","ping_status":"closed","template":"","meta":{"saved_in_kubio":true,"footnotes":""},"class_list":["post-305","page","type-page","status-publish","hentry"],"kubio_ai_page_context":{"short_desc":"","purpose":"general"},"_links":{"self":[{"href":"https:\/\/2026kongre.psikoterapi.com\/index.php\/wp-json\/wp\/v2\/pages\/305","targetHints":{"allow":["GET"]}}],"collection":[{"href":"https:\/\/2026kongre.psikoterapi.com\/index.php\/wp-json\/wp\/v2\/pages"}],"about":[{"href":"https:\/\/2026kongre.psikoterapi.com\/index.php\/wp-json\/wp\/v2\/types\/page"}],"author":[{"embeddable":true,"href":"https:\/\/2026kongre.psikoterapi.com\/index.php\/wp-json\/wp\/v2\/users\/1"}],"replies":[{"embeddable":true,"href":"https:\/\/2026kongre.psikoterapi.com\/index.php\/wp-json\/wp\/v2\/comments?post=305"}],"version-history":[{"count":22,"href":"https:\/\/2026kongre.psikoterapi.com\/index.php\/wp-json\/wp\/v2\/pages\/305\/revisions"}],"predecessor-version":[{"id":448,"href":"https:\/\/2026kongre.psikoterapi.com\/index.php\/wp-json\/wp\/v2\/pages\/305\/revisions\/448"}],"wp:attachment":[{"href":"https:\/\/2026kongre.psikoterapi.com\/index.php\/wp-json\/wp\/v2\/media?parent=305"}],"curies":[{"name":"wp","href":"https:\/\/api.w.org\/{rel}","templated":true}]}}