{"id":381,"date":"2026-02-02T13:16:18","date_gmt":"2026-02-02T10:16:18","guid":{"rendered":"https:\/\/2026kongre.psikoterapi.com\/?page_id=381"},"modified":"2026-02-02T13:26:52","modified_gmt":"2026-02-02T10:26:52","slug":"9-ulusal-butuncul-psikoterapi-kongresi-bildiri-gonderim","status":"publish","type":"page","link":"https:\/\/2026kongre.psikoterapi.com\/index.php\/9-ulusal-butuncul-psikoterapi-kongresi-bildiri-gonderim\/","title":{"rendered":"9. Ulusal B\u00fct\u00fcnc\u00fcl Psikoterapi Kongresi Bildiri G\u00f6nderim"},"content":{"rendered":"\n<div class=\"wp-block-buttons is-content-justification-center is-layout-flex wp-container-core-buttons-is-layout-a89b3969 wp-block-buttons-is-layout-flex\">\n<div class=\"wp-block-button\"><a class=\"wp-block-button__link wp-element-button\" href=\"https:\/\/forms.gle\/y4v69yM3h3JfvUJB7\"><strong>Panel Bildirisi G\u00f6nderimi<\/strong><\/a><\/div>\n<\/div>\n\n\n\n<div class=\"wp-block-buttons is-content-justification-center is-layout-flex wp-container-core-buttons-is-layout-a89b3969 wp-block-buttons-is-layout-flex\">\n<div class=\"wp-block-button\"><a class=\"wp-block-button__link wp-element-button\" href=\"https:\/\/forms.gle\/uE1SQtoiveY5A4p49\"><strong>At\u00f6lye \u00c7al\u0131\u015fmas\u0131 Bildirim G\u00f6nderimi<\/strong><\/a><\/div>\n<\/div>\n\n\n\n<div class=\"wp-block-buttons is-content-justification-center is-layout-flex wp-container-core-buttons-is-layout-a89b3969 wp-block-buttons-is-layout-flex\">\n<div class=\"wp-block-button\"><a class=\"wp-block-button__link wp-element-button\" href=\"https:\/\/forms.gle\/JBHVMaHzANGmrYpy5\"><strong>S\u00f6zl\u00fc Bildiri G\u00f6nderimi<\/strong><\/a><\/div>\n<\/div>\n\n\n\n<div class=\"wp-block-buttons is-content-justification-center is-layout-flex wp-container-core-buttons-is-layout-a89b3969 wp-block-buttons-is-layout-flex\">\n<div class=\"wp-block-button\"><a class=\"wp-block-button__link wp-element-button\" href=\"https:\/\/forms.gle\/cHUCzmJ4TqVhzgwL6\"><strong>Poster Ba\u015fvurusu G\u00f6nderimi<\/strong><\/a><\/div>\n<\/div>\n","protected":false},"excerpt":{"rendered":"","protected":false},"author":1,"featured_media":0,"parent":0,"menu_order":0,"comment_status":"closed","ping_status":"closed","template":"","meta":{"saved_in_kubio":false,"footnotes":""},"class_list":["post-381","page","type-page","status-publish","hentry"],"kubio_ai_page_context":{"short_desc":"","purpose":"general"},"_links":{"self":[{"href":"https:\/\/2026kongre.psikoterapi.com\/index.php\/wp-json\/wp\/v2\/pages\/381","targetHints":{"allow":["GET"]}}],"collection":[{"href":"https:\/\/2026kongre.psikoterapi.com\/index.php\/wp-json\/wp\/v2\/pages"}],"about":[{"href":"https:\/\/2026kongre.psikoterapi.com\/index.php\/wp-json\/wp\/v2\/types\/page"}],"author":[{"embeddable":true,"href":"https:\/\/2026kongre.psikoterapi.com\/index.php\/wp-json\/wp\/v2\/users\/1"}],"replies":[{"embeddable":true,"href":"https:\/\/2026kongre.psikoterapi.com\/index.php\/wp-json\/wp\/v2\/comments?post=381"}],"version-history":[{"count":6,"href":"https:\/\/2026kongre.psikoterapi.com\/index.php\/wp-json\/wp\/v2\/pages\/381\/revisions"}],"predecessor-version":[{"id":387,"href":"https:\/\/2026kongre.psikoterapi.com\/index.php\/wp-json\/wp\/v2\/pages\/381\/revisions\/387"}],"wp:attachment":[{"href":"https:\/\/2026kongre.psikoterapi.com\/index.php\/wp-json\/wp\/v2\/media?parent=381"}],"curies":[{"name":"wp","href":"https:\/\/api.w.org\/{rel}","templated":true}]}}